{"id":850,"date":"2023-05-22T06:05:05","date_gmt":"2023-05-22T06:05:05","guid":{"rendered":"http:\/\/hoerakustik-blaess.de\/?page_id=850"},"modified":"2023-08-09T08:25:40","modified_gmt":"2023-08-09T08:25:40","slug":"datenschutzerklaerung","status":"publish","type":"page","link":"https:\/\/hoerakustik-blaess.de\/?page_id=850","title":{"rendered":"Datenschutzerkl\u00e4rung"},"content":{"rendered":"\t\t<div data-elementor-type=\"wp-page\" data-elementor-id=\"850\" class=\"elementor elementor-850\">\n\t\t\t\t\t\t<section class=\"elementor-section elementor-top-section elementor-element elementor-element-adb4fc2 elementor-section-boxed elementor-section-height-default elementor-section-height-default\" data-id=\"adb4fc2\" data-element_type=\"section\" data-e-type=\"section\">\n\t\t\t\t\t\t<div class=\"elementor-container elementor-column-gap-default\">\n\t\t\t\t\t<div class=\"elementor-column elementor-col-100 elementor-top-column elementor-element elementor-element-2e0faef\" data-id=\"2e0faef\" data-element_type=\"column\" data-e-type=\"column\">\n\t\t\t<div class=\"elementor-widget-wrap elementor-element-populated\">\n\t\t\t\t\t\t<div class=\"elementor-element elementor-element-15861b6 elementor-widget__width-initial elementor-widget elementor-widget-text-editor\" data-id=\"15861b6\" data-element_type=\"widget\" data-e-type=\"widget\" data-settings=\"{&quot;ekit_we_effect_on&quot;:&quot;none&quot;}\" data-widget_type=\"text-editor.default\">\n\t\t\t\t<div class=\"elementor-widget-container\">\n\t\t\t\t\t\t\t\t\t<div class=\"itrk-bg-lightgray\"><div><div><h1><span style=\"color: #000000;\">Datenschutzerkl\u00e4rung<\/span><\/h1><h2><span style=\"color: #000000;\">1) Einleitung und Kontaktdaten des Verantwortlichen<\/span><\/h2><p><span style=\"color: #000000;\"><b>1.1<\/b>\u00a0Wir freuen uns, dass Sie unsere Website besuchen und bedanken uns f\u00fcr Ihr Interesse. Im Folgenden informieren wir Sie \u00fcber den Umgang mit Ihren personenbezogenen Daten bei der Nutzung unserer Website. Personenbezogene Daten sind hierbei alle Daten, mit denen Sie pers\u00f6nlich identifiziert werden k\u00f6nnen.<\/span><\/p><p><span style=\"color: #000000;\"><b>1.2<\/b>\u00a0Verantwortlicher f\u00fcr die Datenverarbeitung auf dieser Website im Sinne der Datenschutz-Grundverordnung (DSGVO) ist Clemens Blaess, H\u00f6rakustik Blaess, Bahnhofstra\u00dfe 29, 68526 Ladenburg, Deutschland, Tel.: 0 62 03 \/ 95 49 10, Fax: 0 62 03 \/ 95 49 12, E-Mail: info@hoerakustik-blaess.de. Der f\u00fcr die Verarbeitung von personenbezogenen Daten Verantwortliche ist diejenige nat\u00fcrliche oder juristische Person, die allein oder gemeinsam mit anderen \u00fcber die Zwecke und Mittel der Verarbeitung von personenbezogenen Daten entscheidet.<\/span><\/p><p><span style=\"color: #000000;\"><b>1.3<\/b>\u00a0Diese Website nutzt aus Sicherheitsgr\u00fcnden und zum Schutz der \u00dcbertragung personenbezogener Daten und anderer vertraulicher Inhalte (z.B. Bestellungen oder Anfragen an den Verantwortlichen) eine SSL-bzw. TLS-Verschl\u00fcsselung. Sie k\u00f6nnen eine verschl\u00fcsselte Verbindung an der Zeichenfolge \u201ehttps:\/\/\u201c und dem Schloss-Symbol in Ihrer Browserzeile erkennen.<\/span><\/p><h2><span style=\"color: #000000;\">2) Datenerfassung beim Besuch unserer Website<\/span><\/h2><p><span style=\"color: #000000;\">Bei der blo\u00df informatorischen Nutzung unserer Website, also wenn Sie sich nicht registrieren oder uns anderweitig Informationen \u00fcbermitteln, erheben wir nur solche Daten, die Ihr Browser an den Seitenserver \u00fcbermittelt (sog. \u201eServer-Logfiles\u201c). Wenn Sie unsere Website aufrufen, erheben wir die folgenden Daten, die f\u00fcr uns technisch erforderlich sind, um Ihnen die Website anzuzeigen:<\/span><\/p><ul><li><span style=\"color: #000000;\">Unsere besuchte Website<\/span><\/li><li><span style=\"color: #000000;\">Datum und Uhrzeit zum Zeitpunkt des Zugriffes<\/span><\/li><li><span style=\"color: #000000;\">Menge der gesendeten Daten in Byte<\/span><\/li><li><span style=\"color: #000000;\">Quelle\/Verweis, von welchem Sie auf die Seite gelangten<\/span><\/li><li><span style=\"color: #000000;\">Verwendeter Browser<\/span><\/li><li><span style=\"color: #000000;\">Verwendetes Betriebssystem<\/span><\/li><li><span style=\"color: #000000;\">Verwendete IP-Adresse (ggf.: in anonymisierter Form)<\/span><\/li><\/ul><p><span style=\"color: #000000;\">Die Verarbeitung erfolgt gem\u00e4\u00df Art. 6 Abs. 1 lit. f DSGVO auf Basis unseres berechtigten Interesses an der Verbesserung der Stabilit\u00e4t und Funktionalit\u00e4t unserer Website. Eine Weitergabe oder anderweitige Verwendung der Daten findet nicht statt. Wir behalten uns allerdings vor, die Server-Logfiles nachtr\u00e4glich zu \u00fcberpr\u00fcfen, sollten konkrete Anhaltspunkte auf eine rechtswidrige Nutzung hinweisen.<\/span><\/p><h2><span style=\"color: #000000;\">3) Cookies<\/span><\/h2><p><span style=\"color: #000000;\">Um den Besuch unserer Website attraktiv zu gestalten und die Nutzung bestimmter Funktionen zu erm\u00f6glichen, verwenden wir Cookies, also kleine Textdateien, die auf Ihrem Endger\u00e4t abgelegt werden. Teilweise werden diese Cookies nach Schlie\u00dfen des Browsers automatisch wieder gel\u00f6scht (sog. \u201eSession-Cookies\u201c), teilweise verbleiben diese Cookies l\u00e4nger auf Ihrem Endger\u00e4t und erm\u00f6glichen das Speichern von Seiteneinstellungen (sog. \u201epersistente Cookies\u201c). Im letzteren Fall k\u00f6nnen Sie die Speicherdauer der \u00dcbersicht zu den Cookie-Einstellungen Ihres Webbrowsers entnehmen.<\/span><\/p><p><span style=\"color: #000000;\">Sofern durch einzelne von uns eingesetzte Cookies auch personenbezogene Daten verarbeitet werden, erfolgt die Verarbeitung gem\u00e4\u00df Art. 6 Abs. 1 lit. b DSGVO entweder zur Durchf\u00fchrung des Vertrages, gem\u00e4\u00df Art. 6 Abs. 1 lit. a DSGVO im Falle einer erteilten Einwilligung oder gem\u00e4\u00df Art. 6 Abs. 1 lit. f DSGVO zur Wahrung unserer berechtigten Interessen an der bestm\u00f6glichen Funktionalit\u00e4t der Website sowie einer kundenfreundlichen und effektiven Ausgestaltung des Seitenbesuchs.<\/span><\/p><p><span style=\"color: #000000;\">Sie k\u00f6nnen Ihren Browser so einstellen, dass Sie \u00fcber das Setzen von Cookies informiert werden und einzeln \u00fcber deren Annahme entscheiden oder die Annahme von Cookies f\u00fcr bestimmte F\u00e4lle oder generell ausschlie\u00dfen k\u00f6nnen.<\/span><\/p><p><span style=\"color: #000000;\">Bitte beachten Sie, dass bei Nichtannahme von Cookies die Funktionalit\u00e4t unserer Website eingeschr\u00e4nkt sein kann.<\/span><\/p><h2><span style=\"color: #000000;\">4) Kontaktaufnahme<\/span><\/h2><p><span style=\"color: #000000;\">Im Rahmen der Kontaktaufnahme mit uns (z.B. per Kontaktformular oder E-Mail) werden personenbezogene Daten erhoben. Welche Daten im Falle der Nutzung eines Kontaktformulars erhoben werden, ist aus dem jeweiligen Kontaktformular ersichtlich. Diese Daten werden ausschlie\u00dflich zum Zweck der Beantwortung Ihres Anliegens bzw. f\u00fcr die Kontaktaufnahme und die damit verbundene technische Administration gespeichert und verwendet.<\/span><\/p><p><span style=\"color: #000000;\">Rechtsgrundlage f\u00fcr die Verarbeitung dieser Daten ist unser berechtigtes Interesse an der Beantwortung Ihres Anliegens gem\u00e4\u00df Art. 6 Abs. 1 lit. f DSGVO. Zielt Ihre Kontaktierung auf den Abschluss eines Vertrages ab, so ist zus\u00e4tzliche Rechtsgrundlage f\u00fcr die Verarbeitung Art. 6 Abs. 1 lit. b DSGVO. Ihre Daten werden nach abschlie\u00dfender Bearbeitung Ihrer Anfrage gel\u00f6scht. Dies ist der Fall, wenn sich aus den Umst\u00e4nden entnehmen l\u00e4sst, dass der betroffene Sachverhalt abschlie\u00dfend gekl\u00e4rt ist und sofern keine gesetzlichen Aufbewahrungspflichten entgegenstehen.<\/span><\/p><h2><span style=\"color: #000000;\">5) Rechte des Betroffenen<\/span><\/h2><p><span style=\"color: #000000;\"><b>5.1<\/b>\u00a0Das geltende Datenschutzrecht gew\u00e4hrt Ihnen gegen\u00fcber dem Verantwortlichen hinsichtlich der Verarbeitung Ihrer personenbezogenen Daten die nachstehenden Betroffenenrechte (Auskunfts- und Interventionsrechte), wobei f\u00fcr die jeweiligen Aus\u00fcbungsvoraussetzungen auf die angef\u00fchrte Rechtsgrundlage verwiesen wird:<\/span><\/p><ul><li><span style=\"color: #000000;\">Auskunftsrecht gem\u00e4\u00df Art. 15 DSGVO;<\/span><\/li><li><span style=\"color: #000000;\">Recht auf Berichtigung gem\u00e4\u00df Art. 16 DSGVO;<\/span><\/li><li><span style=\"color: #000000;\">Recht auf L\u00f6schung gem\u00e4\u00df Art. 17 DSGVO;<\/span><\/li><li><span style=\"color: #000000;\">Recht auf Einschr\u00e4nkung der Verarbeitung gem\u00e4\u00df Art. 18 DSGVO;<\/span><\/li><li><span style=\"color: #000000;\">Recht auf Unterrichtung gem\u00e4\u00df Art. 19 DSGVO;<\/span><\/li><li><span style=\"color: #000000;\">Recht auf Daten\u00fcbertragbarkeit gem\u00e4\u00df Art. 20 DSGVO;<\/span><\/li><li><span style=\"color: #000000;\">Recht auf Widerruf erteilter Einwilligungen gem\u00e4\u00df Art. 7 Abs. 3 DSGVO;<\/span><\/li><li><span style=\"color: #000000;\">Recht auf Beschwerde gem\u00e4\u00df Art. 77 DSGVO.<\/span><\/li><\/ul><p><span style=\"color: #000000;\"><b>5.2<\/b>\u00a0WIDERSPRUCHSRECHT<\/span><\/p><p><span style=\"color: #000000;\">WENN WIR IM RAHMEN EINER INTERESSENABW\u00c4GUNG IHRE PERSONENBEZOGENEN DATEN AUFGRUND UNSERES \u00dcBERWIEGENDEN BERECHTIGTEN INTERESSES VERARBEITEN, HABEN SIE DAS JEDERZEITIGE RECHT, AUS GR\u00dcNDEN, DIE SICH AUS IHRER BESONDEREN SITUATION ERGEBEN, GEGEN DIESE VERARBEITUNG WIDERSPRUCH MIT WIRKUNG F\u00dcR DIE ZUKUNFT EINZULEGEN.<\/span><\/p><p><span style=\"color: #000000;\">MACHEN SIE VON IHREM WIDERSPRUCHSRECHT GEBRAUCH, BEENDEN WIR DIE VERARBEITUNG DER BETROFFENEN DATEN. EINE WEITERVERARBEITUNG BLEIBT ABER VORBEHALTEN, WENN WIR ZWINGENDE SCHUTZW\u00dcRDIGE GR\u00dcNDE F\u00dcR DIE VERARBEITUNG NACHWEISEN K\u00d6NNEN, DIE IHRE INTERESSEN, GRUNDRECHTE UND GRUNDFREIHEITEN \u00dcBERWIEGEN, ODER WENN DIE VERARBEITUNG DER GELTENDMACHUNG, AUS\u00dcBUNG ODER VERTEIDIGUNG VON RECHTSANSPR\u00dcCHEN DIENT.<\/span><\/p><p><span style=\"color: #000000;\">WERDEN IHRE PERSONENBEZOGENEN DATEN VON UNS VERARBEITET, UM DIREKTWERBUNG ZU BETREIBEN, HABEN SIE DAS RECHT, JEDERZEIT WIDERSPRUCH GEGEN DIE VERARBEITUNG SIE BETREFFENDER PERSONENBEZOGENER DATEN ZUM ZWECKE DERARTIGER WERBUNG EINZULEGEN. SIE K\u00d6NNEN DEN WIDERSPRUCH WIE OBEN BESCHRIEBEN AUS\u00dcBEN.<\/span><\/p><p><span style=\"color: #000000;\">MACHEN SIE VON IHREM WIDERSPRUCHSRECHT GEBRAUCH, BEENDEN WIR DIE VERARBEITUNG DER BETROFFENEN DATEN ZU DIREKTWERBEZWECKEN.<\/span><\/p><h2><span style=\"color: #000000;\">6) Dauer der Speicherung personenbezogener Daten<\/span><\/h2><p><span style=\"color: #000000;\">Die Dauer der Speicherung von personenbezogenen Daten bemisst sich anhand der jeweiligen Rechtsgrundlage, am Verarbeitungszweck und \u2013 sofern einschl\u00e4gig \u2013 zus\u00e4tzlich anhand der jeweiligen gesetzlichen Aufbewahrungsfrist (z.B. handels- und steuerrechtliche Aufbewahrungsfristen).<\/span><\/p><p><span style=\"color: #000000;\">Bei der Verarbeitung von personenbezogenen Daten auf Grundlage einer ausdr\u00fccklichen Einwilligung gem\u00e4\u00df Art. 6 Abs. 1 lit. a DSGVO werden die betroffenen Daten so lange gespeichert, bis Sie Ihre Einwilligung widerrufen.<\/span><\/p><p><span style=\"color: #000000;\">Existieren gesetzliche Aufbewahrungsfristen f\u00fcr Daten, die im Rahmen rechtsgesch\u00e4ftlicher bzw. rechtsgesch\u00e4fts\u00e4hnlicher Verpflichtungen auf der Grundlage von Art. 6 Abs. 1 lit. b DSGVO verarbeitet werden, werden diese Daten nach Ablauf der Aufbewahrungsfristen routinem\u00e4\u00dfig gel\u00f6scht, sofern sie nicht mehr zur Vertragserf\u00fcllung oder Vertragsanbahnung erforderlich sind und\/oder unsererseits kein berechtigtes Interesse an der Weiterspeicherung fortbesteht.<\/span><\/p><p><span style=\"color: #000000;\">Bei der Verarbeitung von personenbezogenen Daten auf Grundlage von Art. 6 Abs. 1 lit. f DSGVO werden diese Daten so lange gespeichert, bis Sie Ihr Widerspruchsrecht nach Art. 21 Abs. 1 DSGVO aus\u00fcben, es sei denn, wir k\u00f6nnen zwingende schutzw\u00fcrdige Gr\u00fcnde f\u00fcr die Verarbeitung nachweisen, die Ihre Interessen, Rechte und Freiheiten \u00fcberwiegen, oder die Verarbeitung dient der Geltendmachung, Aus\u00fcbung oder Verteidigung von Rechtsanspr\u00fcchen.<\/span><\/p><p><span style=\"color: #000000;\">Bei der Verarbeitung von personenbezogenen Daten zum Zwecke der Direktwerbung auf Grundlage von Art. 6 Abs. 1 lit. f DSGVO werden diese Daten so lange gespeichert, bis Sie Ihr Widerspruchsrecht nach Art. 21 Abs. 2 DSGVO aus\u00fcben.<\/span><\/p><p><span style=\"color: #000000;\">Sofern sich aus den sonstigen Informationen dieser Erkl\u00e4rung \u00fcber spezifische Verarbeitungssituationen nichts anderes ergibt, werden gespeicherte personenbezogene Daten im \u00dcbrigen dann gel\u00f6scht, wenn sie f\u00fcr die Zwecke, f\u00fcr die sie erhoben oder auf sonstige Weise verarbeitet wurden, nicht mehr notwendig sind.<\/span><\/p><\/div><\/div><\/div>\t\t\t\t\t\t\t\t<\/div>\n\t\t\t\t<\/div>\n\t\t\t\t\t<\/div>\n\t\t<\/div>\n\t\t\t\t\t<\/div>\n\t\t<\/section>\n\t\t\t\t<\/div>\n\t\t\n    <div class=\"xs_social_share_widget xs_share_url after_content \t\tmain_content  wslu-style-1 wslu-share-box-shaped wslu-fill-colored wslu-none wslu-share-horizontal wslu-theme-font-no wslu-main_content\">\n\n\t\t\n        <ul>\n\t\t\t        <\/ul>\n    <\/div> \n","protected":false},"excerpt":{"rendered":"<p>Datenschutzerkl\u00e4rung 1) Einleitung und Kontaktdaten des Verantwortlichen 1.1\u00a0Wir freuen uns, dass Sie unsere Website besuchen und bedanken uns f\u00fcr Ihr Interesse. Im Folgenden informieren wir Sie \u00fcber den Umgang mit Ihren personenbezogenen Daten bei der Nutzung unserer Website. Personenbezogene Daten sind hierbei alle Daten, mit denen Sie pers\u00f6nlich identifiziert werden k\u00f6nnen. 1.2\u00a0Verantwortlicher f\u00fcr die Datenverarbeitung [&hellip;]<\/p>\n","protected":false},"author":3,"featured_media":0,"parent":0,"menu_order":0,"comment_status":"closed","ping_status":"closed","template":"elementor_canvas","meta":{"_acf_changed":false,"postBodyCss":"","postBodyMargin":[],"postBodyPadding":[],"postBodyBackground":{"backgroundType":"classic","gradient":""},"enableOnePageScrollInPage":false,"onePageScrollCss":"","onePageScrollSpeed":1000,"onePageScrollAnimation":"easeInOutQuad","onePageScrollShowDotNavigation":true,"onePageScrollNavigation":"scaleUp","onePageScrollNavigationPosition":"right","onePageScrollNavigationHorizontal":[],"onePageScrollNavigationVertical":[],"onePageScrollNavigationSpacing":[],"onePageScrollNavigationColor":"#00ff0d","onePageScrollNavigationColorHover":"#00ff0d","onePageScrollNavigationColorActive":"#00ff0d","onePageScrollNavigationIcon":[],"onePageScrollNavigationWidth":[],"onePageScrollNavigationWidthHover":[],"onePageScrollNavigationWidthActive":[],"onePageScrollNavigationHeight":[],"onePageScrollNavigationHeightHover":[],"onePageScrollNavigationHeightActive":[],"onePageScrollNavigationBorder":[],"onePageScrollNavigationBorderHover":[],"onePageScrollNavigationBorderActive":[],"onePageScrollNavigationBorderRadius":[],"onePageScrollNavigationBorderRadiusHover":[],"onePageScrollNavigationBorderRadiusActive":[],"onePageScrollNavigationTooltipTypography":[],"onePageScrollNavigationTooltipColor":"#ffffff","onePageScrollNavigationTooltipColorHover":"","onePageScrollNavigationTooltipBgColor":"#00ff0d","onePageScrollNavigationTooltipBgColorHover":"","onePageScrollNavigationTooltipPadding":[],"onePageScrollNavigationTooltipPaddingHover":[],"onePageScrollNavigationTooltipBorderRadius":[],"onePageScrollNavigationTooltipBorderRadiusHover":[],"pageSettingsCustomCss":"","footnotes":""},"class_list":["post-850","page","type-page","status-publish","hentry","gallery-content-unit"],"acf":[],"yoast_head":"<!-- This site is optimized with the Yoast SEO plugin v26.6 - https:\/\/yoast.com\/wordpress\/plugins\/seo\/ -->\n<title>Datenschutzerkl\u00e4rung - Hoerakustik Blaess<\/title>\n<meta name=\"description\" content=\"Datenschutzerkl\u00e4rung\" \/>\n<meta name=\"robots\" content=\"noindex, follow, max-snippet:-1, max-image-preview:large, max-video-preview:-1\" \/>\n<meta property=\"og:locale\" content=\"de_DE\" \/>\n<meta property=\"og:type\" content=\"article\" \/>\n<meta property=\"og:title\" content=\"Datenschutzerkl\u00e4rung - Hoerakustik Blaess\" \/>\n<meta property=\"og:description\" content=\"Datenschutzerkl\u00e4rung\" \/>\n<meta property=\"og:url\" content=\"https:\/\/hoerakustik-blaess.de\/?page_id=850\" \/>\n<meta property=\"og:site_name\" content=\"Hoerakustik Blaess\" \/>\n<meta property=\"article:publisher\" content=\"https:\/\/www.facebook.com\/HoerakustikBlaess\/\" \/>\n<meta property=\"article:modified_time\" content=\"2023-08-09T08:25:40+00:00\" \/>\n<meta name=\"twitter:card\" content=\"summary_large_image\" \/>\n<meta name=\"twitter:label1\" content=\"Gesch\u00e4tzte Lesezeit\" \/>\n\t<meta name=\"twitter:data1\" content=\"7\u00a0Minuten\" \/>\n<script type=\"application\/ld+json\" class=\"yoast-schema-graph\">{\"@context\":\"https:\/\/schema.org\",\"@graph\":[{\"@type\":\"WebPage\",\"@id\":\"https:\/\/hoerakustik-blaess.de\/?page_id=850\",\"url\":\"https:\/\/hoerakustik-blaess.de\/?page_id=850\",\"name\":\"Datenschutzerkl\u00e4rung - Hoerakustik Blaess\",\"isPartOf\":{\"@id\":\"https:\/\/hoerakustik-blaess.de\/#website\"},\"datePublished\":\"2023-05-22T06:05:05+00:00\",\"dateModified\":\"2023-08-09T08:25:40+00:00\",\"description\":\"Datenschutzerkl\u00e4rung\",\"breadcrumb\":{\"@id\":\"https:\/\/hoerakustik-blaess.de\/?page_id=850#breadcrumb\"},\"inLanguage\":\"de\",\"potentialAction\":[{\"@type\":\"ReadAction\",\"target\":[\"https:\/\/hoerakustik-blaess.de\/?page_id=850\"]}]},{\"@type\":\"BreadcrumbList\",\"@id\":\"https:\/\/hoerakustik-blaess.de\/?page_id=850#breadcrumb\",\"itemListElement\":[{\"@type\":\"ListItem\",\"position\":1,\"name\":\"Startseite\",\"item\":\"https:\/\/hoerakustik-blaess.de\/\"},{\"@type\":\"ListItem\",\"position\":2,\"name\":\"Datenschutzerkl\u00e4rung\"}]},{\"@type\":\"WebSite\",\"@id\":\"https:\/\/hoerakustik-blaess.de\/#website\",\"url\":\"https:\/\/hoerakustik-blaess.de\/\",\"name\":\"Hoerakustik Blaess\",\"description\":\"H\u00f6ren vom Feinsten\",\"publisher\":{\"@id\":\"https:\/\/hoerakustik-blaess.de\/#organization\"},\"potentialAction\":[{\"@type\":\"SearchAction\",\"target\":{\"@type\":\"EntryPoint\",\"urlTemplate\":\"https:\/\/hoerakustik-blaess.de\/?s={search_term_string}\"},\"query-input\":{\"@type\":\"PropertyValueSpecification\",\"valueRequired\":true,\"valueName\":\"search_term_string\"}}],\"inLanguage\":\"de\"},{\"@type\":\"Organization\",\"@id\":\"https:\/\/hoerakustik-blaess.de\/#organization\",\"name\":\"Hoerakustik Blaess\",\"url\":\"https:\/\/hoerakustik-blaess.de\/\",\"logo\":{\"@type\":\"ImageObject\",\"inLanguage\":\"de\",\"@id\":\"https:\/\/hoerakustik-blaess.de\/#\/schema\/logo\/image\/\",\"url\":\"https:\/\/hoerakustik-blaess.de\/wp-content\/uploads\/2023\/05\/Logo-Transparenter-Hintergrund-HVF-e1685049572796.png\",\"contentUrl\":\"https:\/\/hoerakustik-blaess.de\/wp-content\/uploads\/2023\/05\/Logo-Transparenter-Hintergrund-HVF-e1685049572796.png\",\"width\":1024,\"height\":591,\"caption\":\"Hoerakustik Blaess\"},\"image\":{\"@id\":\"https:\/\/hoerakustik-blaess.de\/#\/schema\/logo\/image\/\"},\"sameAs\":[\"https:\/\/www.facebook.com\/HoerakustikBlaess\/\",\"https:\/\/www.instagram.com\/hoerakustikblaess\/\"]}]}<\/script>\n<!-- \/ Yoast SEO plugin. -->","yoast_head_json":{"title":"Datenschutzerkl\u00e4rung - Hoerakustik Blaess","description":"Datenschutzerkl\u00e4rung","robots":{"index":"noindex","follow":"follow","max-snippet":"max-snippet:-1","max-image-preview":"max-image-preview:large","max-video-preview":"max-video-preview:-1"},"og_locale":"de_DE","og_type":"article","og_title":"Datenschutzerkl\u00e4rung - Hoerakustik Blaess","og_description":"Datenschutzerkl\u00e4rung","og_url":"https:\/\/hoerakustik-blaess.de\/?page_id=850","og_site_name":"Hoerakustik Blaess","article_publisher":"https:\/\/www.facebook.com\/HoerakustikBlaess\/","article_modified_time":"2023-08-09T08:25:40+00:00","twitter_card":"summary_large_image","twitter_misc":{"Gesch\u00e4tzte Lesezeit":"7\u00a0Minuten"},"schema":{"@context":"https:\/\/schema.org","@graph":[{"@type":"WebPage","@id":"https:\/\/hoerakustik-blaess.de\/?page_id=850","url":"https:\/\/hoerakustik-blaess.de\/?page_id=850","name":"Datenschutzerkl\u00e4rung - Hoerakustik Blaess","isPartOf":{"@id":"https:\/\/hoerakustik-blaess.de\/#website"},"datePublished":"2023-05-22T06:05:05+00:00","dateModified":"2023-08-09T08:25:40+00:00","description":"Datenschutzerkl\u00e4rung","breadcrumb":{"@id":"https:\/\/hoerakustik-blaess.de\/?page_id=850#breadcrumb"},"inLanguage":"de","potentialAction":[{"@type":"ReadAction","target":["https:\/\/hoerakustik-blaess.de\/?page_id=850"]}]},{"@type":"BreadcrumbList","@id":"https:\/\/hoerakustik-blaess.de\/?page_id=850#breadcrumb","itemListElement":[{"@type":"ListItem","position":1,"name":"Startseite","item":"https:\/\/hoerakustik-blaess.de\/"},{"@type":"ListItem","position":2,"name":"Datenschutzerkl\u00e4rung"}]},{"@type":"WebSite","@id":"https:\/\/hoerakustik-blaess.de\/#website","url":"https:\/\/hoerakustik-blaess.de\/","name":"Hoerakustik Blaess","description":"H\u00f6ren vom Feinsten","publisher":{"@id":"https:\/\/hoerakustik-blaess.de\/#organization"},"potentialAction":[{"@type":"SearchAction","target":{"@type":"EntryPoint","urlTemplate":"https:\/\/hoerakustik-blaess.de\/?s={search_term_string}"},"query-input":{"@type":"PropertyValueSpecification","valueRequired":true,"valueName":"search_term_string"}}],"inLanguage":"de"},{"@type":"Organization","@id":"https:\/\/hoerakustik-blaess.de\/#organization","name":"Hoerakustik Blaess","url":"https:\/\/hoerakustik-blaess.de\/","logo":{"@type":"ImageObject","inLanguage":"de","@id":"https:\/\/hoerakustik-blaess.de\/#\/schema\/logo\/image\/","url":"https:\/\/hoerakustik-blaess.de\/wp-content\/uploads\/2023\/05\/Logo-Transparenter-Hintergrund-HVF-e1685049572796.png","contentUrl":"https:\/\/hoerakustik-blaess.de\/wp-content\/uploads\/2023\/05\/Logo-Transparenter-Hintergrund-HVF-e1685049572796.png","width":1024,"height":591,"caption":"Hoerakustik Blaess"},"image":{"@id":"https:\/\/hoerakustik-blaess.de\/#\/schema\/logo\/image\/"},"sameAs":["https:\/\/www.facebook.com\/HoerakustikBlaess\/","https:\/\/www.instagram.com\/hoerakustikblaess\/"]}]}},"_links":{"self":[{"href":"https:\/\/hoerakustik-blaess.de\/index.php?rest_route=\/wp\/v2\/pages\/850","targetHints":{"allow":["GET"]}}],"collection":[{"href":"https:\/\/hoerakustik-blaess.de\/index.php?rest_route=\/wp\/v2\/pages"}],"about":[{"href":"https:\/\/hoerakustik-blaess.de\/index.php?rest_route=\/wp\/v2\/types\/page"}],"author":[{"embeddable":true,"href":"https:\/\/hoerakustik-blaess.de\/index.php?rest_route=\/wp\/v2\/users\/3"}],"replies":[{"embeddable":true,"href":"https:\/\/hoerakustik-blaess.de\/index.php?rest_route=%2Fwp%2Fv2%2Fcomments&post=850"}],"version-history":[{"count":11,"href":"https:\/\/hoerakustik-blaess.de\/index.php?rest_route=\/wp\/v2\/pages\/850\/revisions"}],"predecessor-version":[{"id":2324,"href":"https:\/\/hoerakustik-blaess.de\/index.php?rest_route=\/wp\/v2\/pages\/850\/revisions\/2324"}],"wp:attachment":[{"href":"https:\/\/hoerakustik-blaess.de\/index.php?rest_route=%2Fwp%2Fv2%2Fmedia&parent=850"}],"curies":[{"name":"wp","href":"https:\/\/api.w.org\/{rel}","templated":true}]}}